{"id":179,"date":"2022-12-04T11:22:04","date_gmt":"2022-12-04T11:22:04","guid":{"rendered":"https:\/\/clebrunphoto.fr\/?page_id=179"},"modified":"2026-05-01T19:21:12","modified_gmt":"2026-05-01T19:21:12","slug":"tarifs","status":"publish","type":"page","link":"https:\/\/clebrunphoto.fr\/?page_id=179","title":{"rendered":"TARIFS"},"content":{"rendered":"\n\n\n<p><strong>Portrait<\/strong><\/p>\n\n\n\n<div class=\"wp-block-columns is-layout-flex wp-container-core-columns-is-layout-28f84493 wp-block-columns-is-layout-flex\">\n<div class=\"wp-block-column is-layout-flow wp-block-column-is-layout-flow\" style=\"flex-basis:100%\">\n<div class=\"wp-block-group is-layout-constrained wp-block-group-is-layout-constrained\">\n<details class=\"wp-block-details alignfull is-layout-flow wp-block-details-is-layout-flow\" open><summary><\/summary>\n<figure class=\"wp-block-table is-style-stripes\"><table class=\"has-fixed-layout\"><tbody><tr><td>Couple<\/td><td>Essentielle &#8211; C1<br>5 photos retouch\u00e9es, en version num\u00e9rique<\/td><td>1.5 heures<\/td><td>Fond noir et\/ou blanc<\/td><td>170\u20ac + 1.25\u20ac\/km de distance<\/td><\/tr><tr><td>Couple<\/td><td>Premium &#8211; C2<br>10 photos retouch\u00e9es, en version num\u00e9rique<\/td><td>2 heures <\/td><td>Fond noir et\/ou blanc<\/td><td>220\u20ac + 1.25\u20ac\/km de distance<\/td><\/tr><tr><td>Grossesse<\/td><td>Essentielle &#8211; G1<br>5 photos retouch\u00e9es, en version num\u00e9rique<\/td><td>1.5 heures<\/td><td>Fonds noir, blanc, bleu et\/ou rose<\/td><td>170\u20ac + 1.25\u20ac\/km de distance<\/td><\/tr><tr><td>Grossesse<\/td><td>S\u00e9r\u00e9nit\u00e9 &#8211; G2<br>10 photos retouch\u00e9es, en version num\u00e9rique<\/td><td>2.5 heures<\/td><td>Fonds noir, blanc, bleu et\/ou rose<\/td><td>220\u20ac + 1.25\u20ac\/km de distance<\/td><\/tr><tr><td>Grossesse<\/td><td>Premium &#8211; G3<br>25 des photos retouch\u00e9es, en version num\u00e9rique<\/td><td>2.5 heures<\/td><td>Fonds noir, blanc, bleu et\/ou rose<\/td><td>300\u20ac + 1.25\u20ac\/km de distance<\/td><\/tr><tr><td>Naissance<\/td><td>Naissance &#8211; N1<\/td><td>2.5 heures<\/td><td>Fonds noir, bleu ou rose<\/td><td>170\u20ac + 1.25\u20ac\/km de distance<\/td><\/tr><tr><td>Famille<\/td><td>Famille &#8211; F1<\/td><td>2 heures <\/td><td>Fond noir et\/ou blanc<\/td><td>250\u20ac + 1.25\u20ac\/km de distance<\/td><\/tr><\/tbody><\/table><\/figure>\n<\/details>\n<\/div>\n<\/div>\n<\/div>\n\n\n\n<div class=\"wp-block-group is-vertical is-layout-flex wp-container-core-group-is-layout-677696e2 wp-block-group-is-layout-flex\" style=\"padding-top:0;padding-right:0;padding-bottom:0;padding-left:0\">\n<p>Les frais de d\u00e9placements sont de 1,25 \u20ac\/km. Ce tarif n&rsquo;\u00e9volue pas 29\/03\/2026 pour ne pas trop impacter votre budget.<\/p>\n\n\n\n<p>La dur\u00e9e des s\u00e9ances est estimative et ne sera jamais inf\u00e9rieure \u00e0 la pr\u00e9vision. <\/p>\n\n\n\n<p><\/p>\n<\/div>\n\n\n\n<p><strong>\u00c9v\u00e9nementiel <\/strong>&#8211; \u00e0 d\u00e9terminer selon le projet<\/p>\n\n\n\n<p><strong>Professionnel<\/strong> &#8211; \u00e0 d\u00e9terminer selon le projet<\/p>\n\n\n\n<div class=\"wp-block-buttons alignwide is-content-justification-center is-layout-flex wp-container-core-buttons-is-layout-a89b3969 wp-block-buttons-is-layout-flex\">\n<div class=\"wp-block-button is-style-custombuttonfill2\"><a class=\"wp-block-button__link wp-element-button\" href=\"https:\/\/clebrunphoto.fr\/?page_id=239\" style=\"padding-top:15px;padding-right:15px;padding-bottom:15px;padding-left:15px\">Contactez-moi <\/a><\/div>\n<\/div>\n\n\n\n<p><\/p>\n","protected":false},"excerpt":{"rendered":"<p>Portrait Les frais de d\u00e9placements sont de 1,25 \u20ac\/km. Ce tarif n&rsquo;\u00e9volue pas 29\/03\/2026 pour ne pas trop impacter votre budget. La dur\u00e9e des s\u00e9ances est estimative et ne sera jamais inf\u00e9rieure \u00e0 la pr\u00e9vision. \u00c9v\u00e9nementiel &#8211; \u00e0 d\u00e9terminer selon le projet Professionnel &#8211; \u00e0 d\u00e9terminer selon le projet<\/p>\n","protected":false},"author":2,"featured_media":0,"parent":0,"menu_order":0,"comment_status":"closed","ping_status":"closed","template":"template-basic","meta":{"footnotes":""},"class_list":["post-179","page","type-page","status-publish","hentry"],"_links":{"self":[{"href":"https:\/\/clebrunphoto.fr\/index.php?rest_route=\/wp\/v2\/pages\/179","targetHints":{"allow":["GET"]}}],"collection":[{"href":"https:\/\/clebrunphoto.fr\/index.php?rest_route=\/wp\/v2\/pages"}],"about":[{"href":"https:\/\/clebrunphoto.fr\/index.php?rest_route=\/wp\/v2\/types\/page"}],"author":[{"embeddable":true,"href":"https:\/\/clebrunphoto.fr\/index.php?rest_route=\/wp\/v2\/users\/2"}],"replies":[{"embeddable":true,"href":"https:\/\/clebrunphoto.fr\/index.php?rest_route=%2Fwp%2Fv2%2Fcomments&post=179"}],"version-history":[{"count":18,"href":"https:\/\/clebrunphoto.fr\/index.php?rest_route=\/wp\/v2\/pages\/179\/revisions"}],"predecessor-version":[{"id":1653,"href":"https:\/\/clebrunphoto.fr\/index.php?rest_route=\/wp\/v2\/pages\/179\/revisions\/1653"}],"wp:attachment":[{"href":"https:\/\/clebrunphoto.fr\/index.php?rest_route=%2Fwp%2Fv2%2Fmedia&parent=179"}],"curies":[{"name":"wp","href":"https:\/\/api.w.org\/{rel}","templated":true}]}}